{"id":92,"date":"2015-05-06T19:45:15","date_gmt":"2015-05-06T18:45:15","guid":{"rendered":"http:\/\/maisondurunning.com\/blog\/?page_id=92"},"modified":"2016-06-17T13:20:39","modified_gmt":"2016-06-17T12:20:39","slug":"team-maison-du-running","status":"publish","type":"page","link":"http:\/\/maisondurunning.com\/blog\/team-maison-du-running\/","title":{"rendered":"Team Maison du Running"},"content":{"rendered":"<h2 style=\"text-align: center;\">Sonia Semmad<\/h2>\n<p><img loading=\"lazy\" decoding=\"async\" class=\"aligncenter size-medium wp-image-119\" src=\"http:\/\/maisondurunning.com\/blog\/wp-content\/uploads\/2015\/05\/Sonia_SEMMAD-199x300.jpg\" alt=\"Sonia_SEMMAD\" width=\"199\" height=\"300\" srcset=\"http:\/\/maisondurunning.com\/blog\/wp-content\/uploads\/2015\/05\/Sonia_SEMMAD-199x300.jpg 199w, http:\/\/maisondurunning.com\/blog\/wp-content\/uploads\/2015\/05\/Sonia_SEMMAD-682x1024.jpg 682w, http:\/\/maisondurunning.com\/blog\/wp-content\/uploads\/2015\/05\/Sonia_SEMMAD.jpg 1365w\" sizes=\"auto, (max-width: 199px) 94vw, 199px\" \/><\/p>\n<p>J&rsquo;ai depuis toujours soutenu, ann\u00e9es apr\u00e8s ann\u00e9es, et avec affection cette Athl\u00e8tes a un palmar\u00e8s incroyable, mais surtout d&rsquo;une accessibilit\u00e9 incroyable.<\/p>\n<p>Son planning de course est carr\u00e9, elle ne part pas sur une course sans avoir programm\u00e9 son entrainement annuel.<\/p>\n<p>Je crois qu&rsquo;elle court depuis toujours, avec passion, amour et s\u00e9rieux.<\/p>\n<p>Elle connait son corps, et s&rsquo;est d\u00e9cid\u00e9e depuis peu \u00e0 l&rsquo;\u00e9couter&#8230; Elle \u00e9vite ainsi les bobos, et optimise ses performances.<\/p>\n<p>Sonia est soutenu par la marque <strong>Salomon<\/strong>.<\/p>\n<p>&nbsp;<\/p>\n<h2 style=\"text-align: center;\">C\u00e9line Keravis<\/h2>\n<p><a href=\"http:\/\/maisondurunning.com\/blog\/wp-content\/uploads\/2015\/05\/CK.jpg\"><img loading=\"lazy\" decoding=\"async\" class=\"aligncenter size-medium wp-image-130\" src=\"http:\/\/maisondurunning.com\/blog\/wp-content\/uploads\/2015\/05\/CK-300x300.jpg\" alt=\"CK\" width=\"300\" height=\"300\" srcset=\"http:\/\/maisondurunning.com\/blog\/wp-content\/uploads\/2015\/05\/CK-300x300.jpg 300w, http:\/\/maisondurunning.com\/blog\/wp-content\/uploads\/2015\/05\/CK-150x150.jpg 150w, http:\/\/maisondurunning.com\/blog\/wp-content\/uploads\/2015\/05\/CK.jpg 960w\" sizes=\"auto, (max-width: 300px) 94vw, 300px\" \/><\/a><\/p>\n<p>C\u00e9line Keravis court sur de nombreuses distances. Ce sera cette ann\u00e9e son premier Marathon \u00e0 Vannes&#8230; Apr\u00e8s plusieurs semi elle se lance dans la grande aventure. Elle nous fera partager ses aventures autour de nombreux th\u00e8mes, et notamment la mani\u00e8re dont elle va relever ce d\u00e9fi !<\/p>\n<h2 style=\"text-align: center;\">Tura Kumbi Bechere<\/h2>\n<p><img loading=\"lazy\" decoding=\"async\" class=\"aligncenter size-full wp-image-110\" src=\"http:\/\/maisondurunning.com\/blog\/wp-content\/uploads\/2015\/05\/Tura_KUMBI_BECHERE.jpg\" alt=\"Tura_KUMBI_BECHERE\" width=\"427\" height=\"426\" srcset=\"http:\/\/maisondurunning.com\/blog\/wp-content\/uploads\/2015\/05\/Tura_KUMBI_BECHERE.jpg 427w, http:\/\/maisondurunning.com\/blog\/wp-content\/uploads\/2015\/05\/Tura_KUMBI_BECHERE-150x150.jpg 150w, http:\/\/maisondurunning.com\/blog\/wp-content\/uploads\/2015\/05\/Tura_KUMBI_BECHERE-300x300.jpg 300w\" sizes=\"auto, (max-width: 427px) 94vw, 427px\" \/>Athl\u00e8te Ethiopien au coeur gros comme ses performances. Il aime courir, c&rsquo;est m\u00eame parfois trop.<\/p>\n<p>Sur les courses tous les week-end, il est incontournable sur les courses locales et internationales. Vous le reconnaitrez, il est toujours tr\u00e8s souriant et il porte les couleurs de Maison du Running depuis Avril 2015.<\/p>\n<p>Il finit 21\u00e8me au Marathon de Paris en 2015, apr\u00e8s avoir gagn\u00e9 le marathon de Poitiers en 2014&#8230; Il sera de nouveau pr\u00e9sent au marathon du Futuroscope en 2015 !!!<\/p>\n<p>Tura est soutenu par la Marque <strong>Saucony<\/strong>.<\/p>\n<p>&nbsp;<\/p>\n<h2 style=\"text-align: center;\">Fabrice Bedin<\/h2>\n<p><img loading=\"lazy\" decoding=\"async\" class=\"aligncenter size-medium wp-image-113\" src=\"http:\/\/maisondurunning.com\/blog\/wp-content\/uploads\/2015\/05\/FABRICE_BEDIN-300x300.jpg\" alt=\"FABRICE_BEDIN\" width=\"300\" height=\"300\" srcset=\"http:\/\/maisondurunning.com\/blog\/wp-content\/uploads\/2015\/05\/FABRICE_BEDIN-300x300.jpg 300w, http:\/\/maisondurunning.com\/blog\/wp-content\/uploads\/2015\/05\/FABRICE_BEDIN-150x150.jpg 150w, http:\/\/maisondurunning.com\/blog\/wp-content\/uploads\/2015\/05\/FABRICE_BEDIN-1024x1021.jpg 1024w, http:\/\/maisondurunning.com\/blog\/wp-content\/uploads\/2015\/05\/FABRICE_BEDIN.jpg 1365w\" sizes=\"auto, (max-width: 300px) 94vw, 300px\" \/>Athl\u00e8te aussi bien sur route que en Trail. Pour lui une petite distance c&rsquo;est un marathon&#8230; Il avale les 100km en 9heures, et s&rsquo;\u00e9clate sur les trails moins roulant, et plus techniques.<\/p>\n<p>Vous le croiserez, forcement, au d\u00e9tour d&rsquo;un marathon, sur l&rsquo;ecotrail, les 100km de Millau&#8230; Ou aux alentours de la for\u00eat de montmorency&#8230; D&rsquo;ailleurs c&rsquo;est peut-\u00eatre m\u00eame votre ost\u00e9o&#8230; Parlez lui de vos sorties, il sera d&rsquo;excellent conseil !<\/p>\n<p>&nbsp;<\/p>\n<p>&nbsp;<\/p>\n<h2><\/h2>\n<h2 style=\"text-align: center;\">Thierry-Pierre Berthelot<\/h2>\n<p><img loading=\"lazy\" decoding=\"async\" class=\"aligncenter size-medium wp-image-115\" src=\"http:\/\/maisondurunning.com\/blog\/wp-content\/uploads\/2015\/05\/TP-225x300.jpg\" alt=\"TP\" width=\"225\" height=\"300\" srcset=\"http:\/\/maisondurunning.com\/blog\/wp-content\/uploads\/2015\/05\/TP-225x300.jpg 225w, http:\/\/maisondurunning.com\/blog\/wp-content\/uploads\/2015\/05\/TP.jpg 640w\" sizes=\"auto, (max-width: 225px) 94vw, 225px\" \/>Un athl\u00e8te au gabarit d&rsquo;un cabri ! Thierry-Pierre est un coureur aguerri, et sp\u00e9cialement affut\u00e9 pour les trail tr\u00e8s techniques&#8230; Il a particip\u00e9 a de nombreux trail, et au RAID 28, chaque ann\u00e9e.<\/p>\n<p>Thierry Pierre est soutenu par la marque <strong>Salomon<\/strong>.<\/p>\n<p>&nbsp;<\/p>\n<h2 style=\"text-align: center;\">Luca Papi<\/h2>\n<p><img loading=\"lazy\" decoding=\"async\" class=\"aligncenter size-medium wp-image-116\" src=\"http:\/\/maisondurunning.com\/blog\/wp-content\/uploads\/2015\/05\/LUCA_PAPI-200x300.jpg\" alt=\"LUCA_PAPI\" width=\"200\" height=\"300\" srcset=\"http:\/\/maisondurunning.com\/blog\/wp-content\/uploads\/2015\/05\/LUCA_PAPI-200x300.jpg 200w, http:\/\/maisondurunning.com\/blog\/wp-content\/uploads\/2015\/05\/LUCA_PAPI.jpg 320w\" sizes=\"auto, (max-width: 200px) 94vw, 200px\" \/>Un traileur hors du commun avec sa magnifique tignasse, et son joli sourire. Tout simplement connu comme le loup Blanc de tous les trail possibles et imaginables. Vous ne pouvez pas le louper&#8230; Avec son sourire, et sa sympathie. Vous serez s\u00e9duit par cet homme au grand coeur !!!<\/p>\n<p>Luca Papi est soutenu par la marque <strong>WAA<\/strong>.<\/p>\n<h2 style=\"text-align: center;\"><\/h2>\n<h2 style=\"text-align: center;\">Juan Carlos Prada<\/h2>\n<p><img loading=\"lazy\" decoding=\"async\" class=\"aligncenter size-medium wp-image-117\" src=\"http:\/\/maisondurunning.com\/blog\/wp-content\/uploads\/2015\/05\/Juan_Carlos_Prada-300x168.jpg\" alt=\"Juan_Carlos_Prada\" width=\"300\" height=\"168\" srcset=\"http:\/\/maisondurunning.com\/blog\/wp-content\/uploads\/2015\/05\/Juan_Carlos_Prada-300x168.jpg 300w, http:\/\/maisondurunning.com\/blog\/wp-content\/uploads\/2015\/05\/Juan_Carlos_Prada.jpg 960w\" sizes=\"auto, (max-width: 300px) 94vw, 300px\" \/><\/p>\n<p>J&rsquo;ai d\u00e9couvert cet individu r\u00e9cemment&#8230; Ce genre de gars, c&rsquo;est rare !!! Sympathique, souriant, et attachant Juan est incontournable dans le monde de la course \u00e0 pied. Vous le croiseriez : il est beau-gosse et en impose carr\u00e9ment !! Ne Fuyez pas, c&rsquo;est la cr\u00e8me de la cr\u00e8me&#8230; Nous l&rsquo;accompagnons dor\u00e9navant avec le plus grand des plaisir&#8230;.<\/p>\n<p>Juan est soutenu par les marques <strong>HOKA<\/strong>, et <strong>Errea<\/strong>.<\/p>\n<h2 style=\"text-align: center;\"><\/h2>\n<h2 style=\"text-align: center;\"><\/h2>\n<p>&nbsp;<\/p>\n","protected":false},"excerpt":{"rendered":"<p>Sonia Semmad J&rsquo;ai depuis toujours soutenu, ann\u00e9es apr\u00e8s ann\u00e9es, et avec affection cette Athl\u00e8tes a un palmar\u00e8s incroyable, [&hellip;]<\/p>\n","protected":false},"author":1,"featured_media":0,"parent":0,"menu_order":0,"comment_status":"open","ping_status":"closed","template":"","meta":{"footnotes":""},"class_list":["post-92","page","type-page","status-publish","hentry"],"_links":{"self":[{"href":"http:\/\/maisondurunning.com\/blog\/wp-json\/wp\/v2\/pages\/92","targetHints":{"allow":["GET"]}}],"collection":[{"href":"http:\/\/maisondurunning.com\/blog\/wp-json\/wp\/v2\/pages"}],"about":[{"href":"http:\/\/maisondurunning.com\/blog\/wp-json\/wp\/v2\/types\/page"}],"author":[{"embeddable":true,"href":"http:\/\/maisondurunning.com\/blog\/wp-json\/wp\/v2\/users\/1"}],"replies":[{"embeddable":true,"href":"http:\/\/maisondurunning.com\/blog\/wp-json\/wp\/v2\/comments?post=92"}],"version-history":[{"count":5,"href":"http:\/\/maisondurunning.com\/blog\/wp-json\/wp\/v2\/pages\/92\/revisions"}],"predecessor-version":[{"id":180,"href":"http:\/\/maisondurunning.com\/blog\/wp-json\/wp\/v2\/pages\/92\/revisions\/180"}],"wp:attachment":[{"href":"http:\/\/maisondurunning.com\/blog\/wp-json\/wp\/v2\/media?parent=92"}],"curies":[{"name":"wp","href":"https:\/\/api.w.org\/{rel}","templated":true}]}}